{"id":59,"date":"2012-02-02T15:18:58","date_gmt":"2012-02-02T14:18:58","guid":{"rendered":"http:\/\/www.sportagentur-hummel.de\/?page_id=59"},"modified":"2024-03-19T09:40:28","modified_gmt":"2024-03-19T08:40:28","slug":"dfb-mobil","status":"publish","type":"page","link":"https:\/\/www.sportagentur-hummel.de\/?page_id=59","title":{"rendered":"Ehemalige Projekte"},"content":{"rendered":"<h2>2011\u00a0bis 2015 &#8211; Fitness Trainer<\/h2>\n<p>Mit der Er\u00f6ffnung der Sport Express Arena Ehingen im Oktober 2011 war die <strong>Sportagentur Hummel<\/strong> bis zum Jahre 2015 aktiv in die\u00a0Organisation und Umsetzung des Fitness-Konzeptes eingebunden.<\/p>\n<p>Weitere Informationen finden Sie unter www.sportexpress-arena.de<\/p>\n<div id=\"content\">\n<div>\n<div><hr \/>\n<h2>2011 bis 2016 &#8211; DFB-St\u00fctzpunkt<\/h2>\n<\/div>\n<\/div>\n<\/div>\n<div class=\"entry-content\">\n<p>Von Januar 2011\u00a0bis Juli 2016 war Fabian Hummel St\u00fctzpunkttrainer am St\u00fctzpunkt Unlingen. Nach den Jahrg\u00e4ngen 1997, 1999 und 2002 betreute er die Torspieler und M\u00e4dchen aller Jahrg\u00e4nge.<\/p>\n<div>\n<div>\n<p>Das Talentf\u00f6rderprogramm hat sich als erste Stufe der Talentf\u00f6rderung etabliert. Denn nur dieses dichte Netz an St\u00fctzpunkten in allen Regionen Deutschlands erm\u00f6glicht es, (fast) alle Talente im besten Lernalter zu sichten und individuell zu f\u00f6rdern! Durch das St\u00fctzpunkt-System haben alle jungen Spielerinnen und Spieler eine realistische Chance, fu\u00dfballerisch voranzukommen \u2013 egal in welcher Region Deutschlands sie Fu\u00dfball spielen.<\/p>\n<\/div>\n<\/div>\n<p><strong>Ziele<\/strong>:<\/p>\n<ul>\n<li>Sichten und F\u00f6rdern m\u00f6glichst vieler Talente einer Region<\/li>\n<li>Zus\u00e4tzliche individuelle F\u00f6rderung talentierter Spieler in Erg\u00e4nzung zum Vereinstraining<\/li>\n<li>F\u00f6rdern des einzelnen Talents \u2013 fernab vom Erfolgs- und Zeitdruck des Vereinstrainings<\/li>\n<li>Motivation und Praxistipps f\u00fcr ein zus\u00e4tzliches Selbst- und Heimtraining der Talente<\/li>\n<li>Trainingshilfen f\u00fcr die regionalen Vereinstrainer durch regelm\u00e4\u00dfige \u201eInfo-Abende\u201d an allen 366 St\u00fctzpunkten<\/li>\n<li>Perspektivziel: ein gr\u00f6\u00dferes Potenzial an zuk\u00fcnftigen Spitzenspielerinnen und Spitzenspielern f\u00fcr die DFB-Teams, aber auch f\u00fcr alle Vereine im Lizenz- und h\u00f6herklassigen Amateurfu\u00dfball<\/li>\n<\/ul>\n<p><strong>Schwerpunkte<\/strong>:<\/p>\n<ul>\n<li>Individuelles, lernintensives Trainieren in kleinen Lerngruppen<\/li>\n<li>Schulung koordinativer Fertigkeiten<\/li>\n<li>Geschicklichkeit und Beweglichkeit am und mit Ball<\/li>\n<li>Beidf\u00fc\u00dfiges Beherrschen aller Dribbel-Variationen mit vielen Tempo- und Richtungswechseln<\/li>\n<li>Erlernen und Festigen variabler Finten und T\u00e4uschungsaktionen<\/li>\n<li>Korrekte und variable Bewegungsabl\u00e4ufe beim Passen und Schie\u00dfen<\/li>\n<li>Variables Sichern des Balles nach flachen und hohen Zuspielen<\/li>\n<li>K\u00f6pfen nach beid- und einbeinigem Absprung<\/li>\n<li>Taktisch geschicktes L\u00f6sen von 1-gegen-1-Situationen in Offensive und Defensive<\/li>\n<\/ul>\n<p><strong>Prinzipien<\/strong>:<\/p>\n<ul>\n<li>Das einzelne Talent bestimmt jede Phase des Trainings!<\/li>\n<li>Durch eine sorgf\u00e4ltige Trainingsarbeit die technisch-taktische Basis der Talente f\u00f6rdern!<\/li>\n<li>Alle Basistechniken schrittweise und im Detail verbessern!<\/li>\n<li>Spielen und \u00dcben zum gleichen Schwerpunkt verbinden!<\/li>\n<li>Auf Detailarbeit achten! Richtiges Coachen (Erkl\u00e4ren, Demonstrieren mit aktivem Einbinden der Spieler) ist das Erfolgsrezept!<\/li>\n<li>In Bl\u00f6cken (\u00fcber 2 bis 5 Einheiten) systematisch und konzentriert an einem technisch-taktischen Schwerpunkt feilen!<\/li>\n<li>Nicht nur fu\u00dfballerisches K\u00f6nnen vermitteln, sondern Pers\u00f6nlichkeiten formen!<\/li>\n<\/ul>\n<p>(Quelle: <a href=\"http:\/\/www.talente.dfb.de\/\">www.talente.dfb.de<\/a>)<\/p>\n<hr \/>\n<h2><strong>2013 &#8211; &#8222;Bewegte Kommune &#8211; Kinder&#8220; in Ehingen<\/strong><\/h2>\n<\/div>\n<p>Die Sportstadt Ehingen nahm ab Oktober 2013 an der Kampagne &#8222;Bewegte Kommune &#8211; Kinder&#8220; teil. Die <strong>Sportagentur Hummel<\/strong> war dabei Teil der Projektgruppe und zentraler Testkoordinator f\u00fcr das Projekt.<\/p>\n<p>Im Zuge dieser Kampagne wurden alle Aktionen und Ma\u00dfnahmen der Kinderturnstiftung Baden-W\u00fcrttemberg geb\u00fcndelt mit dem Ziel, allen Kindern eine hochwertige motorische Grundlagenausbildung durch Kinderturnen zu erm\u00f6glichen und damit das Stiftungsziel zu realisieren.<\/p>\n<p>Deshalb spricht die Kinderturnstiftung mit der Kampagne die Menschen in den Kommunen direkt an und will vor Ort auf die Notwendigkeit verst\u00e4rkter Bewegungsf\u00f6rderung durch Kinderturnen aufmerksam machen. Unter dem Motto &#8222;Bestehendes verbinden &#8211; Erfahrungen nutzen&#8220; b\u00fcndelt die Kinderturnstiftung Baden-W\u00fcrttemberg mit ihren Partnern Badischer und Schw\u00e4bischer Turnerbund, AOK Baden-W\u00fcrttemberg und Stiftung Sport in der Schule ihre Kr\u00e4fte, vorhandes Wissen, Projekte, Aktionen, Veranstaltungen und Services rund um das Thema Bewegung und Kinderturnen.<\/p>\n<p>Ziel ist es dabei, optimale Voraussetzungen f\u00fcr mehr Bewegung im Alltag zu schaffen, damit Kinder gesund, intelligent, sozial gest\u00e4rkt und integriert aufwachsen k\u00f6nnen.<\/p>\n<p>Weitere Informationen finden Sie unter <a href=\"http:\/\/www.kinderturnstiftung-bw.de\/die-bewegte-kommune-kinder\">http:\/\/www.kinderturnstiftung-bw.de\/die-bewegte-kommune-kinder<\/a><\/p>\n<hr \/>\n<h2>2011\u00a0bis 2017 &#8211; Ballschule Allmendingen<\/h2>\n<div id=\"content\">\n<p><strong>Chronologie und Inhalt der Ballschule der Sportagentur Hummel<\/strong>:<\/p>\n<p><a href=\"http:\/\/sportagentur-hummel.de\/wp-content\/uploads\/2012\/02\/Schnupperkurs-14.10.2011-3.jpg\"><img loading=\"lazy\" decoding=\"async\" class=\"size-medium wp-image-13 alignleft\" title=\"Ballschule Allmendingen\" src=\"http:\/\/sportagentur-hummel.de\/wp-content\/uploads\/2012\/02\/Schnupperkurs-14.10.2011-3-300x225.jpg\" alt=\"Schnupperkurs 14.10.2011\" width=\"300\" height=\"225\" \/><\/a>Am Freitag, den 7. Oktober 2011 \u00f6ffnete die Ballschule Allmendingen ihre Pforten und erweiterte dadurch das Sportangebot in Allmendingen. Gedacht ist die neue Ballschule ausschlie\u00dflich f\u00fcr Kinder im Alter von 3 bis 11 Jahren. Dabei steht nicht eine einzelne Ballsportart im Vordergrund, sondern der Spa\u00df am Spiel. In zwei Altersgruppen werden hierbei die Kinder altersgem\u00e4\u00df sportlich und sozial gef\u00f6rdert und gefordert \u2014 und dies mit dem Element \u201eBall&#8220;.<\/p>\n<div id=\"id_4f29738c60b4c0194302251\">\n<p>Bereits im Juli 2011\u00a0stellte der Initiator, Sportwissenschaftler M.A. Fabian Hummel, zusammen mit Dr. Uwe Scholz und dem ehemaligen TSV Vorsitzenden Wolfgang Utz dem Gemeinderat die Ballschule Allmendingen und deren Ziele vor. Hierbei bekamen sie sowohl von B\u00fcrgermeister Robert Rewitz als auch vom Gemeinderat Unterst\u00fctzung zugesagt, eine Ballschule in der Gemeinde Allmendingen zu etablieren.<\/p>\n<p>Erste Schnupperstunden f\u00fcr interessierte Kinder und Eltern wurden an den Freitagnachmittagen im Oktober (07.10., 14.10. und 28.10.) jeweils um 14:30 Uhr in der Turn- und Festhalle Allmendingen angeboten.<br \/>Nach dem offiziellen Start am 11. November 2011 wurden die Kinder in Altersklassen unterteilt:<br \/>&#8211; \u201eGrundstufe&#8220; (Kindergartenalter, 3-5 Jahre)<br \/>&#8211; \u201eAufbau-\/Orientierungsstufe&#8220; (Grundschulalter, 6-11 Jahre)<\/p>\n<p>Organisatorisch unterst\u00fctzte ihn der TSV Allmendingen. Dies war Voraussetzung daf\u00fcr, dass die Kinder bei der Aus\u00fcbung des Sports auch versichert waren.<\/p>\n<p>Fabian Hummel auf die Frage was hinter der Ballschule steckt: \u201eEine sinnvolle (sportliche und soziale) Ausbildung, die gerade in dem Alter unspezifisch und regelm\u00e4\u00dfig sein sollte. Dies kann nur \u00fcber die Vermittlung von Spa\u00df und einem qualifizierten Training erfolgen. Aus diesem Grund ist die Ballschule ein perfekter Einstieg f\u00fcr jedes Kind in die Welt des Sports, der koordinativen F\u00e4higkeiten, des sozialen Miteinanders und der Angstpr\u00e4vention&#8220;.<\/p>\n<p><a href=\"http:\/\/www.sportagentur-hummel.de\/wp-content\/uploads\/2012\/02\/Ballschule_Heidelberg_Logo_2010.jpg\"><img loading=\"lazy\" decoding=\"async\" class=\"alignleft size-thumbnail wp-image-154\" title=\"Ballschule_Heidelberg_Logo_2010\" src=\"http:\/\/www.sportagentur-hummel.de\/wp-content\/uploads\/2012\/02\/Ballschule_Heidelberg_Logo_2010-150x150.jpg\" alt=\"\" width=\"150\" height=\"150\" \/><\/a><\/p>\n<p><strong>Von M\u00e4rz 2012 bis Dezember 2013 war die Ballschule Allmendingen offizieller Kooperationspartner der Ballschule Heidelberg e.V.<\/strong><\/p>\n<p>Die Ballschule Heidelberg (<a href=\"http:\/\/www.ballschule.de\/\">www.ballschule.de<\/a>) wurde auf Initiative der Universit\u00e4t Heidelberg gegr\u00fcndet und bildet die Basis des Konzeptes &#8222;Ballschule&#8220;. Bis heute werden die Konzepte weiter verfeinert, auf das kindgerechte Training ausgerichtet und an die Leiter der kooperierenden Ballschulen weitergegeben.<\/p>\n<p><strong>Von Februar 2013 &#8211; Juli 2017\u00a0war die Ballschule auch offizieller Kooperationspartner der Schmiechtalschule Ehingen<\/strong><\/p>\n<p><a href=\"http:\/\/www.sportagentur-hummel.de\/wp-content\/uploads\/2012\/02\/Ballschule-15.jpg\"><img loading=\"lazy\" decoding=\"async\" class=\"alignleft size-medium wp-image-464\" src=\"http:\/\/www.sportagentur-hummel.de\/wp-content\/uploads\/2012\/02\/Ballschule-15-300x200.jpg\" alt=\"Ballschule (15)\" width=\"300\" height=\"200\" srcset=\"https:\/\/www.sportagentur-hummel.de\/wp-content\/uploads\/2012\/02\/Ballschule-15-300x200.jpg 300w, https:\/\/www.sportagentur-hummel.de\/wp-content\/uploads\/2012\/02\/Ballschule-15-1024x683.jpg 1024w\" sizes=\"auto, (max-width: 300px) 100vw, 300px\" \/><\/a>&#8222;Die Integration von Kindern mit k\u00f6rperlicher und\/oder geistiger Beeintr\u00e4chtigung in die vorhandene Gruppe und damit nicht nur der rein sportliche, sondern vor allem der soziale Aspekt stehen bei dieser Kooperation im Vordergrund&#8220;, so Fabian Hummel zu den Hintergr\u00fcnden der Kooperation. &#8222;Die Kinder sollen zun\u00e4chst einmal lernen vorhandene Barrieren und \u00c4ngste zu \u00fcberwinden, den Zugang zu und den Umgang mit beeintr\u00e4chtigten Kindern lernen und zu einem gemeinsamen Spiel mit viel Freude finden!&#8220; Eine solche Form von praktizierter Inklusion freut nicht nur die Verantwortlichen der Schmiechtalschule, sondern auch Fabian Hummel selbst.\u00a0Die\u00a0Sch\u00fcler der Schmiechtalschule\u00a0waren dabei\u00a0aktiv in die Ballschule eingegliedert und besuchten zusammen mit den anderen Kindern die Ballschule.<\/p>\n<hr \/>\n<h2>2015 bis 2017 &#8211; Sportkreis Koordinator des WLSB, zust\u00e4ndig f\u00fcr den Sportkreis Alb-Donau\/Ulm<\/h2>\n<p>Aufgabe war es dabei die Ganztagesschulen und zugeh\u00f6rigen Vereine im Sportkreis zu beraten und zu motivieren Kooperationen miteinander einzugehen, Finanzierungsmodelle aufzuzeigen und so den Sport (-verein) in die Ganztagesbetreuungen zu vermitteln.<\/p>\n<p>Ziel: die Kinder sollen sich mehr bewegen &#8211; und das unter qualifizierter Betreuung &#8211; und somit den Zugang zu den \u00f6rtlichen Vereinen finden.<\/p>\n<p>Weitere Informationen unter folgendem Link:<\/p>\n<p>https:\/\/www.wlsb.de\/sportentwicklung-ehrenamt-sportstaettenbau-schule-sportabzeichen\/sport-und-schule\/pilotprojekt\/Koordinatoren<\/p>\n<hr \/>\n<h2>2015\u00a0bis 2017 &#8211; Fu\u00dfballschule<\/h2>\n<p>Von 2015 bis 2017 bot\u00a0die <strong>Sportagentur Hummel<\/strong>\u00a0ein sogenanntes Fu\u00dfball F\u00f6rdertraining f\u00fcr Vereine\u00a0in der Region an.<\/p>\n<p>Dadurch sollten\u00a0alle Spieler des Vereins im besten Lernalter\u00a0(E- bis C-Junioren)\u00a0individuell gef\u00f6rdert werden und eine realistische Chance bekommen, fu\u00dfballerisch voranzukommen.<\/p>\n<p><strong>Ziele:<\/strong><\/p>\n<ul>\n<li>Zus\u00e4tzliche individuelle F\u00f6rderung\u00a0in Erg\u00e4nzung zum Vereinstraining<\/li>\n<li>F\u00f6rdern des einzelnen Spielers \u2013 fernab vom Erfolgs- und Zeitdruck des Vereinstrainings<\/li>\n<li>Motivation und Praxistipps f\u00fcr ein zus\u00e4tzliches Selbst- und Heimtraining der Talente<\/li>\n<li>Trainingshilfen f\u00fcr die Vereinstrainer<\/li>\n<\/ul>\n<p><strong>Schwerpunkte<\/strong>:<\/p>\n<ul>\n<li>Individuelles, lernintensives Trainieren in kleinen Lerngruppen<\/li>\n<li>Schulung koordinativer Fertigkeiten<\/li>\n<li>Geschicklichkeit und Beweglichkeit am und mit Ball<\/li>\n<li>Beidf\u00fc\u00dfiges Beherrschen aller Dribbel-Variationen mit vielen Tempo- und Richtungswechseln<\/li>\n<li>Erlernen und Festigen variabler Finten und T\u00e4uschungsaktionen<\/li>\n<li>Korrekte und variable Bewegungsabl\u00e4ufe beim Passen und Schie\u00dfen<\/li>\n<li>Variables Sichern des Balles nach flachen und hohen Zuspielen<\/li>\n<li>K\u00f6pfen nach beid- und einbeinigem Absprung<\/li>\n<li>Taktisch geschicktes L\u00f6sen von 1-gegen-1-Situationen in Offensive und Defensive<\/li>\n<\/ul>\n<div id=\"content\"><hr \/>\n<h2>2011 bis 2018 &#8211; Sportfachlehrer<\/h2>\n<p>Die <strong>Sportagentur Hummel\u00a0<\/strong>war von 2011 bis 2018 als Sportfachlehrer in Schulen der Region t\u00e4tig:<\/p>\n<ul>\n<li>09\/2011 bis 07\/2018: F\u00f6rderschule Munderkingen<\/li>\n<li>11\/2012: Kaufm\u00e4nnische Schule Ehingen<\/li>\n<li>03\/2014 bis 07\/2014: Franz-von-Sales-Realschule Obermarchtal<\/li>\n<li>07\/2014 bis 07\/2015: GHWRS Munderkingen, Schulprojekt Tennis<\/li>\n<li>10\/2014 bis 12\/2014: Realschule Munderkingen<\/li>\n<\/ul>\n<p>Fallen Lehrer verletzungs- oder krankheitsbedingt aus oder wird im Zuge der neuen Ganztagesprogramme eine sportliche Lehrfachkraft gesucht, hat das Land nun Gelder zur Verf\u00fcgung, die an externe Lehrkr\u00e4fte ausgesch\u00fcttet werden k\u00f6nnen. Ziel dabei: Die Erh\u00f6hung der Unterrichtsqualit\u00e4t im Fach Sport.<\/p>\n<hr \/>\n<h2>2011 bis 2018 &#8211; Tennis-Trainer<\/h2>\n<ul>\n<li>09\/2011 &#8211; 07\/2018: Trainer der Tennis-Jugend der <strong>TA TSG Rottenacker (<a href=\"http:\/\/www.tsg-rottenacker.net\/tennis.html\">http:\/\/www.tsg-rottenacker.net\/tennis.html<\/a>)<\/strong><\/li>\n<\/ul>\n<p><strong>Trainingsgruppen: <\/strong>M\u00e4dchen und Knaben, Juniorinnen und Junioren<\/p>\n<ul>\n<li>05\/2013 &#8211; 09\/2015: Trainer der <strong>TA VFL Munderkingen (<a href=\"http:\/\/www.tennis-munderkingen.de\/\">http:\/\/www.tennis-munderkingen.de\/<\/a>)<\/strong><\/li>\n<\/ul>\n<p><strong>Trainingsgruppen<\/strong>: Gemischte Junioren\/Juniorinnen 1+2, U10 M\u00e4dchen, U12 Knaben + M\u00e4dchen, Junioren 1+2, Damen 40, Sch\u00fcler der Grundschule Munderkingen (Klassen 1 und 2) im Zuge der Kooperation Schule &#8211; Verein in der Donauhalle Munderkingen<\/p>\n<ul>\n<li>05\/2012 &#8211; 04\/2013: Trainer der Tennis-Jugend der <strong>TC Oberdischingen (<a href=\"http:\/\/sv-oberdischingen.de\/index.php\/tennis\">http:\/\/sv-oberdischingen.de\/index.php\/tennis<\/a>)<\/strong><\/li>\n<\/ul>\n<p><strong>Trainingsgruppen: <\/strong>U 10 Knaben (Anf\u00e4nger), U10 M\u00e4dchen (Anf\u00e4nger), U10 M\u00e4dchen, M\u00e4dchen<\/p>\n<ul>\n<li>02\/2012 &#8211; 07\/2018: Freies Training f\u00fcr private Interessenten<\/li>\n<\/ul>\n<hr \/>\n<h2>Trainings- und Ern\u00e4hrungsberater<\/h2>\n<p>Die <strong>Sportagentur Hummel<\/strong> und LifeBalance &#8211; Die Arztpraxis f\u00fcr Vitalit\u00e4t &amp; Sportmedizin &#8211; arbeiten zuk\u00fcnftig Hand in Hand f\u00fcr ein ges\u00fcnderes und sportlich ausgewogeneres Leben der Menschen in der Region. Sportmedizinische Diagnostik trifft sportwissenschaftliche Trainings- und Ern\u00e4hrungsberatung &#8211; eine Synergie, die sich auszahlen wird.<\/p>\n<p>Das\u00a0Thema &#8222;Abnehmen&#8220; bzw. &#8222;Mehr Sport treiben&#8220; ist allgegenw\u00e4rtig. Besonders nach der s\u00fcndigen Weihnachtszeit und dem bunten Treiben w\u00e4hrend des Faschings muss endlich wieder an den eigenen K\u00f6rper und dessen Gesundheit gedacht werden. Denn, &#8222;nicht krank zu sein hei\u00dft nicht automatisch auch, dass man gesund ist&#8220;, so der Sportmediziner Dr. Dietmar Schubert von LifeBalance &#8211; Die Arztpraxis f\u00fcr Vitalit\u00e4t &amp; Sportmedizin. Nun stellt sich aber die Frage: Was lasse ich weg? Wie viel Sport soll ich treiben? In welche Richtung trainiere ich sinnvollerweise und welche Ern\u00e4hrung ist hierf\u00fcr effektiv?<\/p>\n<p>Die <strong>Sportagentur Hummel<\/strong> kann Ihnen diese Fragen beantworten!<\/p>\n<p><strong>Dazu ein Bericht der\u00a0SZ vom 26.03.2015:<\/strong><\/p>\n<p><img loading=\"lazy\" decoding=\"async\" class=\"alignleft  wp-image-450\" src=\"http:\/\/www.sportagentur-hummel.de\/wp-content\/uploads\/2015\/02\/153f18b86786f092560cc7007e3ae33d.jpg\" alt=\"Bericht der SZ vom 26.03.2015 zum Thema Sport und Ern\u00e4hrung im Alltag\" width=\"406\" height=\"254\" srcset=\"https:\/\/www.sportagentur-hummel.de\/wp-content\/uploads\/2015\/02\/153f18b86786f092560cc7007e3ae33d.jpg 960w, https:\/\/www.sportagentur-hummel.de\/wp-content\/uploads\/2015\/02\/153f18b86786f092560cc7007e3ae33d-300x188.jpg 300w\" sizes=\"auto, (max-width: 406px) 100vw, 406px\" \/><\/p>\n<\/div>\n<\/div>\n<\/div>\n\n\n<hr class=\"wp-block-separator has-css-opacity\"\/>\n\n\n\n<div class=\"wp-block-group\"><div class=\"wp-block-group__inner-container is-layout-flow wp-block-group-is-layout-flow\"><\/div><\/div>\n\n\n\n<h1 class=\"wp-block-heading\">2012 &#8211; 2020 Gesundheitskurse vor Ort<a href=\"http:\/\/www.sportagentur-hummel.de\/wp-content\/uploads\/2012\/10\/aok_logo_rgb_final.gif\"><\/a><a href=\"http:\/\/www.sportagentur-hummel.de\/wp-content\/uploads\/2012\/10\/aok_logo_rgb_final.gif\"><\/a><\/h1>\n\n\n\n<p>Sie m\u00f6chten mehr f\u00fcr Ihre Gesundheit tun? Sich mehr bewegen und sich ges\u00fcnder ern\u00e4hren? Prima &#8211; die <strong>Sportagentur Hummel<\/strong> und Ihre AOK unterst\u00fctzen Sie selbstverst\u00e4ndlich gerne dabei &#8211; mit vielen Angeboten in den Bereichen Ern\u00e4hrung, Bewegung, Entspannung und Stressbew\u00e4ltigung. Als AOK-Kunde ist die Teilnahme an fast allen Kursen f\u00fcr Sie sogar kostenfrei. W\u00e4hlen Sie bitte die AOK bei Ihnen vor Ort, um das Kursangebot bei Ihnen in der N\u00e4he anzeigen zu lassen.<\/p>\n\n\n\n<p><strong>Die Sportagentur Hummel ist seit Juli 2012 offizieller Kooperationspartner der AOK Ulm\/Biberach und Organisator der AOK Gesundheitskurse in Ehingen. Zus\u00e4tzlich organisiert&nbsp;sie auch f\u00fcr einige Firmen in der Region Gesundheitskurse zur &#8222;Betrieblichen Gesundheitsf\u00f6rderung&#8220;.<\/strong><\/p>\n\n\n\n<hr class=\"wp-block-separator has-css-opacity\"\/>\n\n\n\n<div class=\"wp-block-group\"><div class=\"wp-block-group__inner-container is-layout-flow wp-block-group-is-layout-flow\">\n<p class=\"has-medium-font-size\"><strong>2013 &#8211; 2020 Kindersportschule<\/strong><\/p>\n<\/div><\/div>\n\n\n\n<p><strong>Kinder heute<\/strong><\/p>\n\n\n\n<p>Immer mehr Kinder bewegen sich zu wenig. Aber f\u00fcr eine gesunde Entwicklung ist eine intensive Bewegungserziehung notwendig<\/p>\n\n\n\n<p><strong>Keine Spezialisierung<\/strong><\/p>\n\n\n\n<p>Wissenschaftliche Untersuchungen belegen, dass eine fr\u00fche Spezialisierung im Sport zu einseitiger Entwicklung und oft zum Ausstieg aus dem Sport f\u00fchrt. Eine vielseitige und sportart\u00fcbergreifende Grundausbildung, die sich am Entwicklungsstand des Kindes orientiert, ist die beste Voraussetzung f\u00fcr eine gesunde Entwicklung und ein lebenslanges Sporttreiben.<\/p>\n\n\n\n<p>&#8211;&nbsp;&nbsp;&nbsp;&nbsp;&nbsp;&nbsp;&nbsp; Vielseitige, sportartunabh\u00e4ngige Grundlagenausbildung (viele Sportarten)<\/p>\n\n\n\n<p>&#8211;&nbsp;&nbsp;&nbsp;&nbsp;&nbsp;&nbsp;&nbsp; F\u00f6rderung der motorischen, kognitiven, sozialen und emotionalen Entwicklung<\/p>\n\n\n\n<p>&#8211;&nbsp;&nbsp;&nbsp;&nbsp;&nbsp;&nbsp;&nbsp; Fr\u00fcherkennung, Korrektur und Prophylaxe von Haltungsschw\u00e4chen<\/p>\n\n\n\n<p>&#8211;&nbsp;&nbsp;&nbsp;&nbsp;&nbsp;&nbsp;&nbsp; Spa\u00df am Sport und an der Bewegung<\/p>\n\n\n\n<p>&#8211;&nbsp;&nbsp;&nbsp;&nbsp;&nbsp;&nbsp;&nbsp; Kinder lernen spielerisch, kind- und altersgerecht<\/p>\n\n\n\n<p><strong>Ausbildungsinhalte<\/strong><\/p>\n\n\n\n<p>&#8211;&nbsp;&nbsp;&nbsp;&nbsp;&nbsp;&nbsp;&nbsp; Spielerischer Umgang mit Klein- &amp; Gro\u00dfger\u00e4ten<\/p>\n\n\n\n<p>&#8211;&nbsp;&nbsp;&nbsp;&nbsp;&nbsp;&nbsp;&nbsp; F\u00f6rderung der koordinativen und konditionellen F\u00e4higkeiten<\/p>\n\n\n\n<p>&#8211;&nbsp;&nbsp;&nbsp;&nbsp;&nbsp;&nbsp;&nbsp; Spielerische Vermittlung von grundlegenden Bewegungsformen wie Rollen, Schwingen, Klettern, H\u00fcpfen, Balancieren, Werfen, Fangen, etc.<\/p>\n\n\n\n<p>&#8211;&nbsp;&nbsp;&nbsp;&nbsp;&nbsp;&nbsp;&nbsp; Erlernen von Grundtechniken der traditionellen Sportarten und Trendsportarten<\/p>\n\n\n\n<p>&#8211;&nbsp;&nbsp;&nbsp;&nbsp;&nbsp;&nbsp;&nbsp; Erziehung zum Fairplay des Sports und zum lebenslangen Sporttreiben<\/p>\n\n\n\n<p>&#8211;&nbsp;&nbsp;&nbsp;&nbsp;&nbsp;&nbsp;&nbsp; Schwimmen:<\/p>\n\n\n\n<p>o Erlernen der Grundtechnik im Brust, Kraul- und R\u00fcckenschwimmen und im Tauchen<\/p>\n\n\n\n<p>o Festigung der Grundtechnik im tiefen Wasser auf Distanz<\/p>\n","protected":false},"excerpt":{"rendered":"<p>2011\u00a0bis 2015 &#8211; Fitness Trainer Mit der Er\u00f6ffnung der Sport Express Arena Ehingen im Oktober 2011 war die Sportagentur Hummel bis zum Jahre 2015 aktiv in die\u00a0Organisation und Umsetzung des Fitness-Konzeptes eingebunden. Weitere Informationen finden Sie unter www.sportexpress-arena.de 2011 bis 2016 &#8211; DFB-St\u00fctzpunkt Von Januar 2011\u00a0bis Juli 2016 war Fabian Hummel St\u00fctzpunkttrainer am St\u00fctzpunkt Unlingen. Nach den Jahrg\u00e4ngen 1997, 1999 und 2002 betreute er die Torspieler und M\u00e4dchen aller Jahrg\u00e4nge. Das Talentf\u00f6rderprogramm hat sich als erste Stufe der Talentf\u00f6rderung etabliert. Denn nur dieses dichte Netz an St\u00fctzpunkten in allen Regionen Deutschlands erm\u00f6glicht es, (fast) alle Talente im besten Lernalter zu sichten und individuell zu f\u00f6rdern! Durch das St\u00fctzpunkt-System haben alle [&hellip;]<\/p>\n","protected":false},"author":1,"featured_media":0,"parent":0,"menu_order":0,"comment_status":"closed","ping_status":"closed","template":"","meta":{"footnotes":""},"class_list":["post-59","page","type-page","status-publish","hentry"],"_links":{"self":[{"href":"https:\/\/www.sportagentur-hummel.de\/index.php?rest_route=\/wp\/v2\/pages\/59","targetHints":{"allow":["GET"]}}],"collection":[{"href":"https:\/\/www.sportagentur-hummel.de\/index.php?rest_route=\/wp\/v2\/pages"}],"about":[{"href":"https:\/\/www.sportagentur-hummel.de\/index.php?rest_route=\/wp\/v2\/types\/page"}],"author":[{"embeddable":true,"href":"https:\/\/www.sportagentur-hummel.de\/index.php?rest_route=\/wp\/v2\/users\/1"}],"replies":[{"embeddable":true,"href":"https:\/\/www.sportagentur-hummel.de\/index.php?rest_route=%2Fwp%2Fv2%2Fcomments&post=59"}],"version-history":[{"count":31,"href":"https:\/\/www.sportagentur-hummel.de\/index.php?rest_route=\/wp\/v2\/pages\/59\/revisions"}],"predecessor-version":[{"id":700,"href":"https:\/\/www.sportagentur-hummel.de\/index.php?rest_route=\/wp\/v2\/pages\/59\/revisions\/700"}],"wp:attachment":[{"href":"https:\/\/www.sportagentur-hummel.de\/index.php?rest_route=%2Fwp%2Fv2%2Fmedia&parent=59"}],"curies":[{"name":"wp","href":"https:\/\/api.w.org\/{rel}","templated":true}]}}