{"id":597,"date":"2018-10-10T13:11:11","date_gmt":"2018-10-10T12:11:11","guid":{"rendered":"http:\/\/www.sportagentur-hummel.de\/?page_id=597"},"modified":"2026-02-03T16:03:25","modified_gmt":"2026-02-03T15:03:25","slug":"management-sport-fussball","status":"publish","type":"page","link":"https:\/\/www.sportagentur-hummel.de\/?page_id=597","title":{"rendered":"Management Sport &#8211; Fu\u00dfball"},"content":{"rendered":"<p><a href=\"https:\/\/www.sportagentur-hummel.de\/?attachment_id=710\" rel=\"attachment wp-att-710\"><img loading=\"lazy\" decoding=\"async\" class=\"alignright wp-image-710 size-medium\" src=\"http:\/\/www.sportagentur-hummel.de\/wp-content\/uploads\/2026\/02\/IMG-20240812-WA0011-296x300.jpg\" alt=\"\" width=\"296\" height=\"300\" srcset=\"https:\/\/www.sportagentur-hummel.de\/wp-content\/uploads\/2026\/02\/IMG-20240812-WA0011-296x300.jpg 296w, https:\/\/www.sportagentur-hummel.de\/wp-content\/uploads\/2026\/02\/IMG-20240812-WA0011-624x632.jpg 624w, https:\/\/www.sportagentur-hummel.de\/wp-content\/uploads\/2026\/02\/IMG-20240812-WA0011.jpg 635w\" sizes=\"auto, (max-width: 296px) 100vw, 296px\" \/><\/a><\/p>\n<p>Seit M\u00e4rz 2024 arbeitet <strong>Fabian Hummel<\/strong> als Leiter des Nachfuchsf\u00f6rderzentrums des FV Illertissen 1921 e.V.<\/p>\n<p>Die Aufgaben liegen hierbei vor allem im strukturellen Aufbau der Nachwuchsf\u00f6rderung, der organisatorischen Abl\u00e4ufe und Entwicklung der Jugendspieler und -Trainer anhand nachhaltiger Konzepte zur Jugendf\u00f6rderung.<\/p>\n<p>Hierbei stehen auch und besonders die Kooperationen mit dem Verband (BFV) und deren Ma\u00dfnahmen im Fokus, um Hand in Hand den Talenten die notwendigen M\u00f6glichkeiten f\u00fcr deren sportlichen und soziale Entwicklung zu bieten.<\/p>\n<p>&nbsp;<\/p>\n<hr \/>\n<p><a href=\"http:\/\/www.sportagentur-hummel.de\/?attachment_id=634\" rel=\"attachment wp-att-634\"><img loading=\"lazy\" decoding=\"async\" class=\"alignright wp-image-634 size-thumbnail\" src=\"http:\/\/www.sportagentur-hummel.de\/wp-content\/uploads\/2019\/11\/Kopie-IMG_1104-150x150.jpg\" alt=\"\" width=\"150\" height=\"150\" \/><\/a><\/p>\n<p>Von Juli 2018 bis M\u00e4rz 2024 arbeitete <strong>Fabian Hummel<\/strong> als Manager und Sportdirektor des FV 1893 Ravensburg e.V. im Bereich &#8222;Management Sport&#8220;.<\/p>\n<p>Die Aufgaben dabei waren sehr vielf\u00e4ltig und umfassten den strukturellen, organisatorischen und planerischen Bereich des Gesamtvereins &#8211; sp\u00e4ter als Sportdirektor vor allem die operativen Planungen des sportlichen Bereichs:<\/p>\n<ul>\n<li>Koordination und Priorisierung anfallender Aufgaben im Vorstand in Abstimmung mit den Ressortleitern<\/li>\n<li>Vorbereitung, Einladung und Leiten der monatlichen Vorstandssitzung<\/li>\n<li>Mitarbeit bei der Erarbeitung und Umsetzung der Vereinsstrategie<\/li>\n<li>Planung des Budgets in Abstimmung mit dem Vorstand<\/li>\n<li>Monatlicher Soll-Ist-Vergleich der einzelnen Budgets<\/li>\n<\/ul>\n<ul>\n<li>F\u00fchrende Rolle bei der Entwicklung und Umsetzung einer Marketingstrategie<\/li>\n<li>Unterst\u00fctzung bei der Sponsorengewinnung<\/li>\n<li>Mitwirkung bei Vertragsverhandlungen und \u2013Abschl\u00fcssen des gesch\u00e4ftsf\u00fchrenden Vorstands<\/li>\n<\/ul>\n<ul>\n<li>Erledigung des Schriftverkehrs des Vereins in Abstimmung mit den Vorstands-Ressortverantwortlichen<\/li>\n<li>Verantwortung f\u00fcr die gesamte interne Kommunikation aller Bereiche des Vereins<\/li>\n<li>F\u00fchrung und Verwaltung des Mitgliederregisters und des Vereinsarchivs in Zusammenarbeit mit dem entsprechenden Ressortverantwortlichen<\/li>\n<li>Aktivit\u00e4ten zur Mitgliedergewinnung<\/li>\n<li>Unterst\u00fctzung bei der Kommunikation nach au\u00dfen und bei der Pflege des Onlineauftritts<\/li>\n<li>Abwicklung und Nachverfolgung von Versicherungsangelegenheiten bei z.B. Sportunf\u00e4llen im Verein<\/li>\n<\/ul>\n<ul>\n<li>Organisatorischer Aufbau einer Gesch\u00e4ftsstelle<\/li>\n<li>Organisation des Spielbetriebs, des Catering und der Trib\u00fcnenpl\u00e4tze<\/li>\n<li>Organisation des Rahmenprogrammes bei Heimspielen wie z.B. Einlaufkinder, Musik<\/li>\n<li>Organisation der VIP Betreuung<\/li>\n<li>Organisatorische Unterst\u00fctzung bei Vereinsevents, Weihnachtsfeiern, Oktoberfest Besuchen, Saisonabschl\u00fcssen etc.<\/li>\n<\/ul>\n<ul>\n<li>Unterst\u00fctzung bei der Erledigung von Aufgaben im Rahmen der Infrastrukturentwicklung des Vereins<\/li>\n<\/ul>\n<ul>\n<li>Unterst\u00fctzung bei der Erarbeitung\/Entwicklung, sowie bei der Umsetzung einer vereinsseitigen Gesamtstrategie, als auch bei den Teilstrategien (bspw. sportliche Konzeptionen, Jugendentwicklung, etc.)<\/li>\n<\/ul>\n<p>Bericht der SZ vom 04.07.2018:<\/p>\n<p><a href=\"http:\/\/www.sportagentur-hummel.de\/?attachment_id=602\" rel=\"attachment wp-att-602\"><img loading=\"lazy\" decoding=\"async\" class=\"alignleft size-large wp-image-602\" src=\"http:\/\/www.sportagentur-hummel.de\/wp-content\/uploads\/2018\/10\/Bericht-SZ-04.07.2018-1024x836.jpg\" alt=\"\" width=\"625\" height=\"510\" srcset=\"https:\/\/www.sportagentur-hummel.de\/wp-content\/uploads\/2018\/10\/Bericht-SZ-04.07.2018-1024x836.jpg 1024w, https:\/\/www.sportagentur-hummel.de\/wp-content\/uploads\/2018\/10\/Bericht-SZ-04.07.2018-300x245.jpg 300w, https:\/\/www.sportagentur-hummel.de\/wp-content\/uploads\/2018\/10\/Bericht-SZ-04.07.2018-768x627.jpg 768w, https:\/\/www.sportagentur-hummel.de\/wp-content\/uploads\/2018\/10\/Bericht-SZ-04.07.2018-624x509.jpg 624w\" sizes=\"auto, (max-width: 625px) 100vw, 625px\" \/><\/a><\/p>\n","protected":false},"excerpt":{"rendered":"<p>Seit M\u00e4rz 2024 arbeitet Fabian Hummel als Leiter des Nachfuchsf\u00f6rderzentrums des FV Illertissen 1921 e.V. Die Aufgaben liegen hierbei vor allem im strukturellen Aufbau der Nachwuchsf\u00f6rderung, der organisatorischen Abl\u00e4ufe und Entwicklung der Jugendspieler und -Trainer anhand nachhaltiger Konzepte zur Jugendf\u00f6rderung. Hierbei stehen auch und besonders die Kooperationen mit dem Verband (BFV) und deren Ma\u00dfnahmen im Fokus, um Hand in Hand den Talenten die notwendigen M\u00f6glichkeiten f\u00fcr deren sportlichen und soziale Entwicklung zu bieten. &nbsp; Von Juli 2018 bis M\u00e4rz 2024 arbeitete Fabian Hummel als Manager und Sportdirektor des FV 1893 Ravensburg e.V. im Bereich &#8222;Management Sport&#8220;. Die Aufgaben dabei waren sehr vielf\u00e4ltig und umfassten den strukturellen, organisatorischen und planerischen Bereich [&hellip;]<\/p>\n","protected":false},"author":1,"featured_media":0,"parent":0,"menu_order":0,"comment_status":"closed","ping_status":"closed","template":"","meta":{"footnotes":""},"class_list":["post-597","page","type-page","status-publish","hentry"],"_links":{"self":[{"href":"https:\/\/www.sportagentur-hummel.de\/index.php?rest_route=\/wp\/v2\/pages\/597","targetHints":{"allow":["GET"]}}],"collection":[{"href":"https:\/\/www.sportagentur-hummel.de\/index.php?rest_route=\/wp\/v2\/pages"}],"about":[{"href":"https:\/\/www.sportagentur-hummel.de\/index.php?rest_route=\/wp\/v2\/types\/page"}],"author":[{"embeddable":true,"href":"https:\/\/www.sportagentur-hummel.de\/index.php?rest_route=\/wp\/v2\/users\/1"}],"replies":[{"embeddable":true,"href":"https:\/\/www.sportagentur-hummel.de\/index.php?rest_route=%2Fwp%2Fv2%2Fcomments&post=597"}],"version-history":[{"count":8,"href":"https:\/\/www.sportagentur-hummel.de\/index.php?rest_route=\/wp\/v2\/pages\/597\/revisions"}],"predecessor-version":[{"id":712,"href":"https:\/\/www.sportagentur-hummel.de\/index.php?rest_route=\/wp\/v2\/pages\/597\/revisions\/712"}],"wp:attachment":[{"href":"https:\/\/www.sportagentur-hummel.de\/index.php?rest_route=%2Fwp%2Fv2%2Fmedia&parent=597"}],"curies":[{"name":"wp","href":"https:\/\/api.w.org\/{rel}","templated":true}]}}